{"id":554,"date":"2022-08-17T04:43:59","date_gmt":"2022-08-17T04:43:59","guid":{"rendered":"https:\/\/evolutionmodelsagency.com\/?page_id=554"},"modified":"2025-03-18T22:47:04","modified_gmt":"2025-03-19T01:47:04","slug":"home-2","status":"publish","type":"page","link":"https:\/\/evolutionmodelsagency.com\/en\/","title":{"rendered":"Home"},"content":{"rendered":"<p>[et_pb_section fb_built=\u00bb1&#8243; admin_label=\u00bbHeader\u00bb _builder_version=\u00bb4.27.0&#8243; background_enable_color=\u00bboff\u00bb background_enable_image=\u00bboff\u00bb background_size=\u00bbcontain\u00bb background_position=\u00bbtop_center\u00bb custom_padding=\u00bb3px||||false|false\u00bb global_colors_info=\u00bb{}\u00bb][et_pb_row make_equal=\u00bbon\u00bb _builder_version=\u00bb4.27.0&#8243; _module_preset=\u00bbdefault\u00bb width=\u00bb95%\u00bb width_tablet=\u00bb95%\u00bb width_phone=\u00bb100%\u00bb width_last_edited=\u00bbon|phone\u00bb max_width=\u00bb2560px\u00bb module_alignment=\u00bbcenter\u00bb custom_padding=\u00bb0px||||false|false\u00bb global_colors_info=\u00bb{}\u00bb][et_pb_column type=\u00bb4_4&#8243; _builder_version=\u00bb4.27.0&#8243; _module_preset=\u00bbdefault\u00bb global_colors_info=\u00bb{}\u00bb][brcr_image_carousel slide_count=\u00bb1&#8243; slide_spacing=\u00bb0px\u00bb use_both_side_spacing=\u00bboff\u00bb nav_height=\u00bb33px\u00bb nav_width=\u00bb33px\u00bb nav_icon_size=\u00bb19px\u00bb nav_pos_x=\u00bb5px\u00bb slide_count_tablet=\u00bb1&#8243; slide_count_phone=\u00bb1&#8243; slide_count_last_edited=\u00bbon|desktop\u00bb nav_height_phone=\u00bb25px\u00bb nav_height_last_edited=\u00bboff|phone\u00bb nav_pos_x_tablet=\u00bb5px\u00bb nav_pos_x_phone=\u00bb5px\u00bb nav_pos_x_last_edited=\u00bbon|phone\u00bb _builder_version=\u00bb4.27.0&#8243; _module_preset=\u00bbdefault\u00bb width_tablet=\u00bb\u00bb width_phone=\u00bb100%\u00bb width_last_edited=\u00bbon|phone\u00bb max_width_tablet=\u00bb\u00bb max_width_phone=\u00bb100%\u00bb max_width_last_edited=\u00bbon|phone\u00bb module_alignment=\u00bbcenter\u00bb hover_enabled=\u00bb0&#8243; global_colors_info=\u00bb{}\u00bb sticky_enabled=\u00bb0&#8243;][brcr_image_carousel_child photo=\u00bbhttps:\/\/evolutionmodelsagency.com\/wp-content\/uploads\/2024\/10\/16_20241002_164556_0000.png\u00bb _builder_version=\u00bb4.27.4&#8243; _module_preset=\u00bbdefault\u00bb hover_enabled=\u00bb0&#8243; global_colors_info=\u00bb{}\u00bb sticky_enabled=\u00bb0&#8243;][\/brcr_image_carousel_child][brcr_image_carousel_child photo=\u00bbhttps:\/\/evolutionmodelsagency.com\/wp-content\/uploads\/2025\/03\/5.png\u00bb _builder_version=\u00bb4.27.4&#8243; _module_preset=\u00bbdefault\u00bb hover_enabled=\u00bb0&#8243; global_colors_info=\u00bb{}\u00bb title_text=\u00bb5&#8243; sticky_enabled=\u00bb0&#8243;][\/brcr_image_carousel_child][brcr_image_carousel_child photo=\u00bbhttps:\/\/evolutionmodelsagency.com\/wp-content\/uploads\/2025\/03\/10.png\u00bb _builder_version=\u00bb4.27.4&#8243; _module_preset=\u00bbdefault\u00bb hover_enabled=\u00bb0&#8243; global_colors_info=\u00bb{}\u00bb title_text=\u00bb10&#8243; sticky_enabled=\u00bb0&#8243;][\/brcr_image_carousel_child][brcr_image_carousel_child photo=\u00bbhttps:\/\/evolutionmodelsagency.com\/wp-content\/uploads\/2025\/03\/COMPOS.png\u00bb _builder_version=\u00bb4.27.4&#8243; _module_preset=\u00bbdefault\u00bb hover_enabled=\u00bb0&#8243; global_colors_info=\u00bb{}\u00bb title_text=\u00bbCOMPOS\u00bb sticky_enabled=\u00bb0&#8243;][\/brcr_image_carousel_child][brcr_image_carousel_child photo=\u00bbhttps:\/\/evolutionmodelsagency.com\/wp-content\/uploads\/2024\/01\/17_20231030_192312_0002.png\u00bb _builder_version=\u00bb4.27.4&#8243; _module_preset=\u00bbdefault\u00bb background_enable_image=\u00bboff\u00bb hover_enabled=\u00bb0&#8243; global_colors_info=\u00bb{}\u00bb sticky_enabled=\u00bb0&#8243;][\/brcr_image_carousel_child][brcr_image_carousel_child photo=\u00bbhttps:\/\/evolutionmodelsagency.com\/wp-content\/uploads\/2025\/03\/COMPOS-1.png\u00bb _builder_version=\u00bb4.27.4&#8243; _module_preset=\u00bbdefault\u00bb hover_enabled=\u00bb0&#8243; global_colors_info=\u00bb{}\u00bb title_text=\u00bbCOMPOS (1)\u00bb sticky_enabled=\u00bb0&#8243;][\/brcr_image_carousel_child][brcr_image_carousel_child photo=\u00bbhttps:\/\/evolutionmodelsagency.com\/wp-content\/uploads\/2024\/01\/1-2.png\u00bb content_alignment=\u00bbcenter\u00bb _builder_version=\u00bb4.24.0&#8243; _module_preset=\u00bbdefault\u00bb global_colors_info=\u00bb{}\u00bb][\/brcr_image_carousel_child][brcr_image_carousel_child photo=\u00bbhttps:\/\/evolutionmodelsagency.com\/wp-content\/uploads\/2024\/10\/COMPOS_20241002_164644_0000.png\u00bb _builder_version=\u00bb4.27.4&#8243; _module_preset=\u00bbdefault\u00bb hover_enabled=\u00bb0&#8243; global_colors_info=\u00bb{}\u00bb sticky_enabled=\u00bb0&#8243;][\/brcr_image_carousel_child][\/brcr_image_carousel][\/et_pb_column][\/et_pb_row][\/et_pb_section][et_pb_section fb_built=\u00bb1&#8243; _builder_version=\u00bb4.18.0&#8243; _module_preset=\u00bbdefault\u00bb custom_margin=\u00bb||||false|false\u00bb custom_padding=\u00bb50px|||||\u00bb global_module=\u00bb2212&#8243; saved_tabs=\u00bball\u00bb global_colors_info=\u00bb{}\u00bb][et_pb_row _builder_version=\u00bb4.18.0&#8243; _module_preset=\u00bbdefault\u00bb global_colors_info=\u00bb{}\u00bb][et_pb_column type=\u00bb4_4&#8243; _builder_version=\u00bb4.18.0&#8243; _module_preset=\u00bbdefault\u00bb global_colors_info=\u00bb{}\u00bb][et_pb_divider color=\u00bb#D6D6D6&#8243; _builder_version=\u00bb4.18.0&#8243; _module_preset=\u00bbdefault\u00bb width=\u00bb100%\u00bb module_alignment=\u00bbcenter\u00bb global_colors_info=\u00bb{}\u00bb][\/et_pb_divider][\/et_pb_column][\/et_pb_row][et_pb_row column_structure=\u00bb1_4,1_4,1_4,1_4&#8243; _builder_version=\u00bb4.18.0&#8243; _module_preset=\u00bbdefault\u00bb global_colors_info=\u00bb{}\u00bb][et_pb_column type=\u00bb1_4&#8243; _builder_version=\u00bb4.18.0&#8243; _module_preset=\u00bbdefault\u00bb global_colors_info=\u00bb{}\u00bb][et_pb_image src=\u00bbhttps:\/\/evolutionmodelsagency.com\/wp-content\/uploads\/2022\/09\/Logo-Evolution-original.png\u00bb title_text=\u00bbLogo-Evolution-original\u00bb _builder_version=\u00bb4.18.0&#8243; _module_preset=\u00bbdefault\u00bb transform_scale=\u00bb90%|90%\u00bb global_colors_info=\u00bb{}\u00bb][\/et_pb_image][\/et_pb_column][et_pb_column type=\u00bb1_4&#8243; _builder_version=\u00bb4.18.0&#8243; _module_preset=\u00bbdefault\u00bb global_colors_info=\u00bb{}\u00bb][et_pb_text _builder_version=\u00bb4.18.0&#8243; _module_preset=\u00bbdefault\u00bb global_colors_info=\u00bb{}\u00bb]<\/p>\n<p><span style=\"color: #808080;\"><a href=\"https:\/\/evolutionmodelsagency.com\/en\/politicas-de-privacidad\/\" style=\"color: #808080;\">POL\u00cdTICAS DE PRIVACIDAD<\/a><\/span><\/p>\n<p><span style=\"color: #808080;\"><a href=\"https:\/\/evolutionmodelsagency.com\/en\/politicas-de-cookies\/\" style=\"color: #808080;\">POL\u00cdTICAS DE COOKIES<\/a><\/span><\/p>\n<p><span style=\"color: #808080;\"><a href=\"https:\/\/evolutionmodelsagency.com\/en\/contacto\/\" style=\"color: #808080;\">CONTACT<\/a><\/span><\/p>\n<p>[\/et_pb_text][\/et_pb_column][et_pb_column type=\u00bb1_4&#8243; _builder_version=\u00bb4.18.0&#8243; _module_preset=\u00bbdefault\u00bb global_colors_info=\u00bb{}\u00bb][et_pb_text _builder_version=\u00bb4.18.0&#8243; _module_preset=\u00bbdefault\u00bb global_colors_info=\u00bb{}\u00bb]<\/p>\n<p>SEGUINOS<\/p>\n<p>[\/et_pb_text][et_pb_social_media_follow _builder_version=\u00bb4.18.0&#8243; _module_preset=\u00bbdefault\u00bb custom_margin=\u00bb-24px|||||\u00bb global_colors_info=\u00bb{}\u00bb][et_pb_social_media_follow_network social_network=\u00bbinstagram\u00bb url=\u00bbhttps:\/\/www.instagram.com\/evolution.models\/\u00bb icon_color=\u00bb#FFFFFF\u00bb use_icon_font_size=\u00bbon\u00bb _builder_version=\u00bb4.18.0&#8243; _module_preset=\u00bbdefault\u00bb background_color=\u00bb#D6D6D6&#8243; background_enable_color=\u00bbon\u00bb global_colors_info=\u00bb{}\u00bb follow_button=\u00bboff\u00bb url_new_window=\u00bbon\u00bb]instagram[\/et_pb_social_media_follow_network][\/et_pb_social_media_follow][et_pb_text _builder_version=\u00bb4.18.0&#8243; _module_preset=\u00bbdefault\u00bb custom_margin=\u00bb-31px|||||\u00bb global_colors_info=\u00bb{}\u00bb]<\/p>\n<p>BUENOS AIRES &#8211; ARGENTINA<\/p>\n<p>[\/et_pb_text][\/et_pb_column][et_pb_column type=\u00bb1_4&#8243; _builder_version=\u00bb4.18.0&#8243; _module_preset=\u00bbdefault\u00bb global_colors_info=\u00bb{}\u00bb][\/et_pb_column][\/et_pb_row][\/et_pb_section]<\/p>","protected":false},"excerpt":{"rendered":"<p><div class=\"et_pb_module brcr_image_carousel brcr_image_carousel_0\">\n\t\t\t\t\n\t\t\t\t\n\t\t\t\t\n\t\t\t\t\n\t\t\t\t\n\t\t\t\t\n\t\t\t\t<div class=\"et_pb_module_inner\">\n\t\t\t\t\t<div class=\"brcr-carousel brcr-image-carousel brcr-carousel-frontend brcr-lightbox-off\" data-settings=\"{&quot;responsive&quot;:[{&quot;breakpoint&quot;:980,&quot;settings&quot;:{&quot;slidesToShow&quot;:1}},{&quot;breakpoint&quot;:767,&quot;settings&quot;:{&quot;slidesToShow&quot;:&quot;1&quot;}}],&quot;cssEase&quot;:&quot;ease-in-out&quot;,&quot;swipe&quot;:true,&quot;variableWidth&quot;:false,&quot;dots&quot;:false,&quot;arrows&quot;:true,&quot;infinite&quot;:true,&quot;autoplay&quot;:true,&quot;autoplaySpeed&quot;:2000,&quot;speed&quot;:700,&quot;slidesToShow&quot;:1,&quot;slidesToScroll&quot;:1,&quot;centerPadding&quot;:&quot;70px&quot;,&quot;centerMode&quot;:false,&quot;prevArrow&quot;:&quot;&lt;button type=\\&quot;button\\&quot; data-icon=\\&quot;4\\&quot; class=\\&quot;slick-arrow slick-prev\\&quot;&gt;Prev&lt;\\\/button&gt;&quot;,&quot;nextArrow&quot;:&quot;&lt;button type=\\&quot;button\\&quot; data-icon=\\&quot;5\\&quot; class=\\&quot;slick-arrow slick-next\\&quot;&gt;Prev&lt;\\\/button&gt;&quot;}\" >\r\n                    \r\n                <\/div>\n\t\t\t\t<\/div>\n\t\t\t<\/div><div class=\"brcr_image_carousel_child brcr_image_carousel_child_0 bck_et_pb_module\">\n\t\t\t\t\n\t\t\t\t\n\t\t\t\t\n\t\t\t\t\n\t\t\t\t\n\t\t\t\t\n\t\t\t\t<div class=\"et_pb_module_inner\">\n\t\t\t\t\t<div class=\"brcr-carousel-item brcr-image-carousel-item brcr-swapped-img-selector brcr-hover--none\">\r\n                 <figure class=\"brcr-figure\">\r\n                    <div class=\"brcr-overlay\" data-icon=\"\"><\/div>\r\n                    <img decoding=\"async\" class=\"brcr-swapped-img\" data-mfp-src=\"https:\/\/evolutionmodelsagency.com\/wp-content\/uploads\/2024\/10\/16_20241002_164556_0000.png\" src=\"https:\/\/evolutionmodelsagency.com\/wp-content\/uploads\/2024\/10\/16_20241002_164556_0000.png\"  alt=\"\"\/>\r\n                <\/figure> \r\n\t\t\t<\/div>\n\t\t\t\t<\/div>\n\t\t\t<\/div><div class=\"brcr_image_carousel_child brcr_image_carousel_child_1 bck_et_pb_module\">\n\t\t\t\t\n\t\t\t\t\n\t\t\t\t\n\t\t\t\t\n\t\t\t\t\n\t\t\t\t\n\t\t\t\t<div class=\"et_pb_module_inner\">\n\t\t\t\t\t<div class=\"brcr-carousel-item brcr-image-carousel-item brcr-swapped-img-selector brcr-hover--none\">\r\n                 <figure class=\"brcr-figure\">\r\n                    <div class=\"brcr-overlay\" data-icon=\"\"><\/div>\r\n                    <img decoding=\"async\" class=\"brcr-swapped-img\" data-mfp-src=\"https:\/\/evolutionmodelsagency.com\/wp-content\/uploads\/2025\/03\/5.png\" src=\"https:\/\/evolutionmodelsagency.com\/wp-content\/uploads\/2025\/03\/5.png\"  alt=\"\"\/>\r\n                <\/figure> \r\n\t\t\t<\/div>\n\t\t\t\t<\/div>\n\t\t\t<\/div><div class=\"brcr_image_carousel_child brcr_image_carousel_child_2 bck_et_pb_module\">\n\t\t\t\t\n\t\t\t\t\n\t\t\t\t\n\t\t\t\t\n\t\t\t\t\n\t\t\t\t\n\t\t\t\t<div class=\"et_pb_module_inner\">\n\t\t\t\t\t<div class=\"brcr-carousel-item brcr-image-carousel-item brcr-swapped-img-selector brcr-hover--none\">\r\n                 <figure class=\"brcr-figure\">\r\n                    <div class=\"brcr-overlay\" data-icon=\"\"><\/div>\r\n                    <img decoding=\"async\" class=\"brcr-swapped-img\" data-mfp-src=\"https:\/\/evolutionmodelsagency.com\/wp-content\/uploads\/2025\/03\/10.png\" src=\"https:\/\/evolutionmodelsagency.com\/wp-content\/uploads\/2025\/03\/10.png\"  alt=\"\"\/>\r\n                <\/figure> \r\n\t\t\t<\/div>\n\t\t\t\t<\/div>\n\t\t\t<\/div><div class=\"brcr_image_carousel_child brcr_image_carousel_child_3 bck_et_pb_module\">\n\t\t\t\t\n\t\t\t\t\n\t\t\t\t\n\t\t\t\t\n\t\t\t\t\n\t\t\t\t\n\t\t\t\t<div class=\"et_pb_module_inner\">\n\t\t\t\t\t<div class=\"brcr-carousel-item brcr-image-carousel-item brcr-swapped-img-selector brcr-hover--none\">\r\n                 <figure class=\"brcr-figure\">\r\n                    <div class=\"brcr-overlay\" data-icon=\"\"><\/div>\r\n                    <img decoding=\"async\" class=\"brcr-swapped-img\" data-mfp-src=\"https:\/\/evolutionmodelsagency.com\/wp-content\/uploads\/2025\/03\/COMPOS.png\" src=\"https:\/\/evolutionmodelsagency.com\/wp-content\/uploads\/2025\/03\/COMPOS.png\"  alt=\"\"\/>\r\n                <\/figure> \r\n\t\t\t<\/div>\n\t\t\t\t<\/div>\n\t\t\t<\/div><div class=\"brcr_image_carousel_child brcr_image_carousel_child_4 bck_et_pb_module\">\n\t\t\t\t\n\t\t\t\t\n\t\t\t\t\n\t\t\t\t\n\t\t\t\t\n\t\t\t\t\n\t\t\t\t<div class=\"et_pb_module_inner\">\n\t\t\t\t\t<div class=\"brcr-carousel-item brcr-image-carousel-item brcr-swapped-img-selector brcr-hover--none\">\r\n                  \r\n\t\t\t<\/div>\n\t\t\t\t<\/div>\n\t\t\t<\/div><\/p>","protected":false},"author":1,"featured_media":0,"parent":0,"menu_order":6,"comment_status":"closed","ping_status":"closed","template":"","meta":{"_seopress_robots_primary_cat":"","_seopress_titles_title":"","_seopress_titles_desc":"Somos una agencia madre con base en Argentina, dedicada a la representaci\u00f3n y al desarrollo profesional de los m\u00e1s diversos perfiles de modelos, tanto en el \u00e1mbito nacional como internacional del rubro moda y entretenimiento.","_seopress_robots_index":"","_et_pb_use_builder":"on","_et_pb_old_content":"","_et_gb_content_width":"","footnotes":""},"class_list":["post-554","page","type-page","status-publish","hentry"],"_links":{"self":[{"href":"https:\/\/evolutionmodelsagency.com\/en\/wp-json\/wp\/v2\/pages\/554","targetHints":{"allow":["GET"]}}],"collection":[{"href":"https:\/\/evolutionmodelsagency.com\/en\/wp-json\/wp\/v2\/pages"}],"about":[{"href":"https:\/\/evolutionmodelsagency.com\/en\/wp-json\/wp\/v2\/types\/page"}],"author":[{"embeddable":true,"href":"https:\/\/evolutionmodelsagency.com\/en\/wp-json\/wp\/v2\/users\/1"}],"replies":[{"embeddable":true,"href":"https:\/\/evolutionmodelsagency.com\/en\/wp-json\/wp\/v2\/comments?post=554"}],"version-history":[{"count":68,"href":"https:\/\/evolutionmodelsagency.com\/en\/wp-json\/wp\/v2\/pages\/554\/revisions"}],"predecessor-version":[{"id":6947,"href":"https:\/\/evolutionmodelsagency.com\/en\/wp-json\/wp\/v2\/pages\/554\/revisions\/6947"}],"wp:attachment":[{"href":"https:\/\/evolutionmodelsagency.com\/en\/wp-json\/wp\/v2\/media?parent=554"}],"curies":[{"name":"wp","href":"https:\/\/api.w.org\/{rel}","templated":true}]}}