{"id":2300,"date":"2022-09-16T20:43:49","date_gmt":"2022-09-16T20:43:49","guid":{"rendered":"https:\/\/evolutionmodelsagency.com\/?page_id=2300"},"modified":"2022-09-16T20:47:52","modified_gmt":"2022-09-16T20:47:52","slug":"politicas-de-cookies","status":"publish","type":"page","link":"https:\/\/evolutionmodelsagency.com\/en\/politicas-de-cookies\/","title":{"rendered":"pol\u00edticas de cookies"},"content":{"rendered":"<p>[et_pb_section fb_built=\u00bb1&#8243; admin_label=\u00bbAbout\u00bb _builder_version=\u00bb4.18.0&#8243; background_enable_color=\u00bboff\u00bb custom_padding=\u00bb50px||||false|false\u00bb locked=\u00bboff\u00bb global_colors_info=\u00bb{}\u00bb][et_pb_row _builder_version=\u00bb4.18.0&#8243; custom_margin=\u00bb|auto||auto|false|false\u00bb global_colors_info=\u00bb{}\u00bb][et_pb_column type=\u00bb4_4&#8243; _builder_version=\u00bb4.16&#8243; custom_padding=\u00bb|80px|||false|false\u00bb custom_padding_tablet=\u00bb|0px|||false|false\u00bb custom_padding_phone=\u00bb||||false\u00bb custom_padding_last_edited=\u00bbon|tablet\u00bb global_colors_info=\u00bb{}\u00bb][et_pb_text _builder_version=\u00bb4.18.0&#8243; text_font=\u00bb|600|||||||\u00bb text_line_height=\u00bb1.8em\u00bb header_font=\u00bbChonburi||||||||\u00bb header_font_size=\u00bb65px\u00bb hover_enabled=\u00bb0&#8243; header_font_size_tablet=\u00bb80px\u00bb header_font_size_phone=\u00bb60px\u00bb header_font_size_last_edited=\u00bbon|phone\u00bb locked=\u00bboff\u00bb global_colors_info=\u00bb{}\u00bb sticky_enabled=\u00bb0&#8243;]<\/p>\n<h2>Pol\u00edticas de cookies<\/h2>\n<p><span class=\"author-d-1gg9uz65z1iz85zgdz68zmqkz84zo2qowz81zz86zjz75zfvz86zrvdwz74zl7ifwxysz83zkj3z69zxt8z68z85\">I<\/span><span class=\"author-d-1gg9uz65z1iz85zgdz68zmqkz84zo2qowz81zz86zjz75zfvz86zrvdwz74zl7ifwxysz83zkj3z69zxt8z68z85\"><b>nformaci\u00f3n sobre nuestro uso de cookies<\/b><\/span><\/p>\n<div><span class=\"author-d-1gg9uz65z1iz85zgdz68zmqkz84zo2qowz81zz86zjz75zfvz86zrvdwz74zl7ifwxysz83zkj3z69zxt8z68z85\">Este sitio web utiliza cookies para proporcionar a los usuarios una buena experiencia cuando navegan por nuestro sitio web y tambi\u00e9n nos permite mejorar nuestro sitio.<\/span><\/div>\n<div><span class=\"ace-all-bold-hthree\"><span class=\"author-d-1gg9uz65z1iz85zgdz68zmqkz84zo2qowz81zz86zjz75zfvz86zrvdwz74zl7ifwxysz83zkj3z69zxt8z68z85\"><b>\u00bfQu\u00e9 es una cookie?<\/b><\/span><\/span><\/div>\n<div><span class=\"author-d-1gg9uz65z1iz85zgdz68zmqkz84zo2qowz81zz86zjz75zfvz86zrvdwz74zl7ifwxysz83zkj3z69zxt8z68z85\">Una cookie es un peque\u00f1o archivo de letras y n\u00fameros que almacenamos en el navegador del usuario o en el disco duro de su computadora si est\u00e1n de acuerdo. Las cookies contienen informaci\u00f3n que se transfiere al disco duro de la computadora del usuario.<\/span><\/div>\n<div><span class=\"ace-all-bold-hthree\"><span class=\"author-d-1gg9uz65z1iz85zgdz68zmqkz84zo2qowz81zz86zjz75zfvz86zrvdwz74zl7ifwxysz83zkj3z69zxt8z68z85\"><b>Clasificaci\u00f3n de cookies e informaci\u00f3n de su uso<\/b><\/span><\/span><\/div>\n<div><span class=\"author-d-1gg9uz65z1iz85zgdz68zmqkz84zo2qowz81zz86zjz75zfvz86zrvdwz74zl7ifwxysz83zkj3z69zxt8z68z85\">Realizamos an\u00e1lisis de cookies en nuestro sitio web de forma regular y mantenemos nuestra lista de cookies actualizada. Clasificamos las cookies en cuatro categor\u00edas:<\/span><\/div>\n<ul class=\"listtype-bullet listindent1 list-bullet1\">\n<li><span class=\"author-d-1gg9uz65z1iz85zgdz68zmqkz84zo2qowz81zz86zjz75zfvz86zrvdwz74zl7ifwxysz83zkj3z69zxt8z68z85\"><b>Cookies necesarias:<\/b><\/span><span class=\"author-d-1gg9uz65z1iz85zgdz68zmqkz84zo2qowz81zz86zjz75zfvz86zrvdwz74zl7ifwxysz83zkj3z69zxt8z68z85\"> Son cookies necesarias para el funcionamiento de nuestro sitio web. Incluyen, por ejemplo, cookies que permiten a los visitantes del sitio web iniciar sesi\u00f3n en \u00e1reas seguras de nuestro sitio web.<\/span><\/li>\n<li><span class=\"author-d-1gg9uz65z1iz85zgdz68zmqkz84zo2qowz81zz86zjz75zfvz86zrvdwz74zl7ifwxysz83zkj3z69zxt8z68z85\"><b>Cookies anal\u00edticas:<\/b><\/span><span class=\"author-d-1gg9uz65z1iz85zgdz68zmqkz84zo2qowz81zz86zjz75zfvz86zrvdwz74zl7ifwxysz83zkj3z69zxt8z68z85\"> Nos permiten reconocer y contar el n\u00famero de visitantes y ver c\u00f3mo los visitantes se mueven por nuestro sitio web cuando lo utilizan. Esto nos ayuda a mejorar la forma en que funciona nuestro sitio web, por ejemplo, al garantizar que los usuarios encuentren lo que buscan f\u00e1cilmente.<\/span><\/li>\n<li><span class=\"author-d-1gg9uz65z1iz85zgdz68zmqkz84zo2qowz81zz86zjz75zfvz86zrvdwz74zl7ifwxysz83zkj3z69zxt8z68z85\"><b>Cookies de preferencias:<\/b><\/span><span class=\"author-d-1gg9uz65z1iz85zgdz68zmqkz84zo2qowz81zz86zjz75zfvz86zrvdwz74zl7ifwxysz83zkj3z69zxt8z68z85\"> Se utilizan para reconocer a los usuarios cuando regresan a nuestro sitio web. Esto nos permite personalizar nuestro contenido para ellos y recordar sus preferencias<\/span><span class=\"author-d-1gg9uz65z1iz85zgdz68zmqkz84zo2qowz81zz86zjz75zfvz86zrvdwz74zl7ifwxysz83zkj3z69zxt8z68z85 s-lparen\"> <\/span><span class=\"author-d-1gg9uz65z1iz85zgdz68zmqkz84zo2qowz81zz86zjz75zfvz86zrvdwz74zl7ifwxysz83zkj3z69zxt8z68z85 h-lparen\">(por<\/span><span class=\"author-d-1gg9uz65z1iz85zgdz68zmqkz84zo2qowz81zz86zjz75zfvz86zrvdwz74zl7ifwxysz83zkj3z69zxt8z68z85\"> ejemplo, su elecci\u00f3n de idioma o regi\u00f3n).<\/span><\/li>\n<li><span class=\"author-d-1gg9uz65z1iz85zgdz68zmqkz84zo2qowz81zz86zjz75zfvz86zrvdwz74zl7ifwxysz83zkj3z69zxt8z68z85\"><b>Cookies de marketing:<\/b><\/span><span class=\"author-d-1gg9uz65z1iz85zgdz68zmqkz84zo2qowz81zz86zjz75zfvz86zrvdwz74zl7ifwxysz83zkj3z69zxt8z68z85\"> Estas cookies registran las visitas de los usuarios a nuestro sitio web, las p\u00e1ginas que han visitado y los enlaces que han seguido. Usaremos esta informaci\u00f3n para hacer que nuestro sitio web y la publicidad que se muestra en \u00e9l sean m\u00e1s relevantes para los intereses de los visitantes de nuestro sitio web.<\/span><\/li>\n<\/ul>\n<div><span class=\"author-d-1gg9uz65z1iz85zgdz68zmqkz84zo2qowz81zz86zjz75zfvz86zrvdwz74zl7ifwxysz83zkj3z69zxt8z68z85\">Dependiendo de la ubicaci\u00f3n del usuario, este podr\u00e1 optar por no participar en cada categor\u00eda de cookies<\/span><span class=\"author-d-1gg9uz65z1iz85zgdz68zmqkz84zo2qowz81zz86zjz75zfvz86zrvdwz74zl7ifwxysz83zkj3z69zxt8z68z85 s-lparen\"> <\/span><span class=\"author-d-1gg9uz65z1iz85zgdz68zmqkz84zo2qowz81zz86zjz75zfvz86zrvdwz74zl7ifwxysz83zkj3z69zxt8z68z85 h-lparen\">(excepto<\/span><span class=\"author-d-1gg9uz65z1iz85zgdz68zmqkz84zo2qowz81zz86zjz75zfvz86zrvdwz74zl7ifwxysz83zkj3z69zxt8z68z85\"> las cookies necesarias) haciendo clic en<\/span><span class=\"author-d-1gg9uz65z1iz85zgdz68zmqkz84zo2qowz81zz86zjz75zfvz86zrvdwz74zl7ifwxysz83zkj3z69zxt8z68z85 s-quot\"> <\/span><span class=\"author-d-1gg9uz65z1iz85zgdz68zmqkz84zo2qowz81zz86zjz75zfvz86zrvdwz74zl7ifwxysz83zkj3z69zxt8z68z85 h-quot\">\u00abConfigurar<\/span><span class=\"author-d-1gg9uz65z1iz85zgdz68zmqkz84zo2qowz81zz86zjz75zfvz86zrvdwz74zl7ifwxysz83zkj3z69zxt8z68z85\"> cookies\u00bb en el banner de cookies de nuestro sitio web.<\/span><\/div>\n<p>[\/et_pb_text][\/et_pb_column][\/et_pb_row][\/et_pb_section][et_pb_section fb_built=\u00bb1&#8243; admin_label=\u00bbFooter\u00bb _builder_version=\u00bb4.16&#8243; background_color=\u00bb#242018&#8243; custom_padding=\u00bb0px||0px||false|false\u00bb saved_tabs=\u00bball\u00bb locked=\u00bboff\u00bb global_colors_info=\u00bb{}\u00bb][\/et_pb_section]<\/p>","protected":false},"excerpt":{"rendered":"<p>Pol\u00edticas de cookies Informaci\u00f3n sobre nuestro uso de cookies Este sitio web utiliza cookies para proporcionar a los usuarios una buena experiencia cuando navegan por nuestro sitio web y tambi\u00e9n nos permite mejorar nuestro sitio. \u00bfQu\u00e9 es una cookie? Una cookie es un peque\u00f1o archivo de letras y n\u00fameros que almacenamos en el navegador del [&hellip;]<\/p>","protected":false},"author":1,"featured_media":0,"parent":0,"menu_order":3,"comment_status":"closed","ping_status":"closed","template":"","meta":{"_seopress_robots_primary_cat":"","_seopress_titles_title":"","_seopress_titles_desc":"","_seopress_robots_index":"","_et_pb_use_builder":"on","_et_pb_old_content":"","_et_gb_content_width":"","footnotes":""},"class_list":["post-2300","page","type-page","status-publish","hentry"],"_links":{"self":[{"href":"https:\/\/evolutionmodelsagency.com\/en\/wp-json\/wp\/v2\/pages\/2300","targetHints":{"allow":["GET"]}}],"collection":[{"href":"https:\/\/evolutionmodelsagency.com\/en\/wp-json\/wp\/v2\/pages"}],"about":[{"href":"https:\/\/evolutionmodelsagency.com\/en\/wp-json\/wp\/v2\/types\/page"}],"author":[{"embeddable":true,"href":"https:\/\/evolutionmodelsagency.com\/en\/wp-json\/wp\/v2\/users\/1"}],"replies":[{"embeddable":true,"href":"https:\/\/evolutionmodelsagency.com\/en\/wp-json\/wp\/v2\/comments?post=2300"}],"version-history":[{"count":3,"href":"https:\/\/evolutionmodelsagency.com\/en\/wp-json\/wp\/v2\/pages\/2300\/revisions"}],"predecessor-version":[{"id":2305,"href":"https:\/\/evolutionmodelsagency.com\/en\/wp-json\/wp\/v2\/pages\/2300\/revisions\/2305"}],"wp:attachment":[{"href":"https:\/\/evolutionmodelsagency.com\/en\/wp-json\/wp\/v2\/media?parent=2300"}],"curies":[{"name":"wp","href":"https:\/\/api.w.org\/{rel}","templated":true}]}}