{"id":2281,"date":"2022-09-13T18:56:15","date_gmt":"2022-09-13T18:56:15","guid":{"rendered":"https:\/\/evolutionmodelsagency.com\/?page_id=2281"},"modified":"2022-09-16T19:56:24","modified_gmt":"2022-09-16T19:56:24","slug":"politicas-de-privacidad","status":"publish","type":"page","link":"https:\/\/evolutionmodelsagency.com\/en\/politicas-de-privacidad\/","title":{"rendered":"pol\u00edticas de privacidad"},"content":{"rendered":"<p>[et_pb_section fb_built=\u00bb1&#8243; admin_label=\u00bbAbout\u00bb _builder_version=\u00bb4.18.0&#8243; hover_enabled=\u00bb0&#8243; locked=\u00bboff\u00bb global_colors_info=\u00bb{}\u00bb theme_builder_area=\u00bbpost_content\u00bb custom_padding=\u00bb||||false|false\u00bb sticky_enabled=\u00bb0&#8243; background_enable_color=\u00bboff\u00bb][et_pb_row _builder_version=\u00bb4.18.0&#8243; hover_enabled=\u00bb0&#8243; global_colors_info=\u00bb{}\u00bb theme_builder_area=\u00bbpost_content\u00bb custom_margin=\u00bb|auto||auto|false|false\u00bb sticky_enabled=\u00bb0&#8243;][et_pb_column type=\u00bb4_4&#8243; _builder_version=\u00bb4.16&#8243; custom_padding=\u00bb|80px|||false|false\u00bb custom_padding_tablet=\u00bb|0px|||false|false\u00bb custom_padding_phone=\u00bb||||false\u00bb custom_padding_last_edited=\u00bbon|tablet\u00bb global_colors_info=\u00bb{}\u00bb theme_builder_area=\u00bbpost_content\u00bb][et_pb_text _builder_version=\u00bb4.18.0&#8243; text_font=\u00bb|600|||||||\u00bb text_line_height=\u00bb1.8em\u00bb header_font=\u00bbChonburi||||||||\u00bb header_font_size=\u00bb65px\u00bb hover_enabled=\u00bb0&#8243; header_font_size_tablet=\u00bb80px\u00bb header_font_size_phone=\u00bb60px\u00bb header_font_size_last_edited=\u00bbon|phone\u00bb locked=\u00bboff\u00bb global_colors_info=\u00bb{}\u00bb theme_builder_area=\u00bbpost_content\u00bb sticky_enabled=\u00bb0&#8243;]<\/p>\n<h2>Pol\u00edticas de privacidad<\/h2>\n<p>&nbsp;<\/p>\n<p>La presente Pol\u00edtica de Privacidad describe los tipos de datos de car\u00e1cter personal que EVOLUTION MODELS, a trav\u00e9s de este sitio web en <a href=\"http:\/\/www.evolutionmodelsagency.com,\">www.evolutionmodelsagency.com,<\/a>\u00a0c\u00f3mo usamos los datos de los usuarios, a qui\u00e9n se los comunicamos y los derechos y opciones que ponemos a disposici\u00f3n de los usuarios de nuestra Web en lo que respecta al uso que hacemos de sus datos personales y al ejercicio de los derechos de los titulares de los datos. Tambi\u00e9n describimos las medidas implementadas para proteger la seguridad de los datos personales recabados y la forma en que los usuarios pueden contactarse con nosotros para informarse sobre nuestras pr\u00e1cticas en materia de privacidad.<\/p>\n<p>El usuario de la Web consiente expresa, informada, voluntaria e inequ\u00edvocamente a la inclusi\u00f3n de todos sus datos personales facilitados a EVOLUTION MODELS a trav\u00e9s de la Web en las bases de datos propiedad y responsabilidad de EVOLUTION MODELS, as\u00ed como al tratamiento de todos sus datos personales por medios automatizados y no automatizados para los fines descritos en los siguientes apartados de este documento y con sujeci\u00f3n a los t\u00e9rminos y condiciones establecidos en el mismo. Asimismo, al utilizar nuestra Web usted acepta y presta su consentimiento libre, expreso e informado con los t\u00e9rminos de la presente Pol\u00edtica de Privacidad. En consecuencia, usted debe leer esta Pol\u00edtica de Privacidad con atenci\u00f3n.<\/p>\n<p>Al acceder, conectarse o de cualquier otra forma utilizar la web, usted confirma que ha le\u00eddo, entendido y concuerda con las disposiciones presentes en esta pol\u00edtica de privacidad. Si usted no est\u00e1 de acuerdo con los t\u00e9rminos de esta pol\u00edtica, usted no debe utilizar el sitio web. EVOLUTION MODELS manifiesta que realizar\u00e1 todos los esfuerzos necesarios para no transferir los datos recolectados a pa\u00edses en los que no se cumplan con los est\u00e1ndares exigidos por la normativa Argentina sobre Protecci\u00f3n de Datos Personales y, en caso de llevar a cabo tales transferencias, cumplir\u00e1 y har\u00e1 cumplir a sus destinatarios todos los requisitos determinados por la Ley Argentina de Protecci\u00f3n de Datos Personales.<\/p>\n<p><strong>1. Datos recolectados<\/strong><br \/>A trav\u00e9s de nuestra Web recabamos determinados datos, incluidos datos de car\u00e1cter personal. La informaci\u00f3n de car\u00e1cter personal es informaci\u00f3n que pueden identificarlo a usted, como su nombre, domicilio postal, n\u00famero telef\u00f3nico y direcci\u00f3n de correo electr\u00f3nico. Recopilamos informaci\u00f3n personal acerca de su persona cuando usted nos brinda informaci\u00f3n directamente a nosotros, incluso cuando se registra o cuando interact\u00faa con nosotros a trav\u00e9s de nuestra Web. Usted es responsable de la exactitud de la informaci\u00f3n personal que usted proporciona a EVOLUTION MODELS, y ser\u00e1 responsable de las consecuencias de proporcionar informaci\u00f3n falsa o inexacta Datos de contactocomo nombre, direcci\u00f3n postal, direcci\u00f3n de correo electr\u00f3nico y n\u00famero de tel\u00e9fono);\u00a0Credenciales de acceso;\u00a0Datos demogr\u00e1ficos, incluida edad y g\u00e9nero.<\/p>\n<p><strong>2. Tratamiento de los datos personales<\/strong><\/p>\n<div>Los datos que recolectamos pueden ser utilizados para los siguientes fines:<\/div>\n<div>Comunicarnos con el usuario;\u00a0Enviar al usuario materiales promocionales y otras comunicaciones;\u00a0Responder a las consultas del usuario;\u00a0Personalizar las preferencias y visitas a nuestra Web<\/div>\n<div>de nuestros usuarios y ofrecer contenidos adaptados a sus intereses y a la forma en que navegan e interact\u00faan con nuestra Web;<\/div>\n<div>Operar, evaluar y mejorar nuestros productos y servicios; y Cumplir y hacer cumplir los requisitos legales aplicables, las normas correspondientes del sector, las obligaciones contractuales y nuestras pol\u00edticas.<\/div>\n<div>A trav\u00e9s de nuestra Web, podemos adem\u00e1s usar servicios anal\u00edticos de terceros. Los proveedores de servicios de an\u00e1lisis de webs que administran dichos servicios utilizan tecnolog\u00edas tales como cookies, registros de servidores de red y balizas web que nos ayudan a analizar el uso que los usuarios hacen de nuestra Web. La informaci\u00f3n recogida por estos medios (incluida la direcci\u00f3n IP) puede ponerse en conocimiento de los proveedores de tales servicios anal\u00edticos, as\u00ed como de otros terceros que vayan a hacer un uso de la informaci\u00f3n recabada para, entre otros fines, evaluar el uso de la Web.<\/div>\n<div><strong><\/strong><\/div>\n<p>&nbsp;<\/p>\n<div><strong>3. Informaci\u00f3n que compartimos<\/strong><\/div>\n<div>Los datos personales de los usuarios que recabamos a trav\u00e9s de la Web, podr\u00e1n revelarse a terceros \u00fanicamente de acuerdo con lo descrito en la presente Pol\u00edtica de Privacidad. Los datos personales recolectados a trav\u00e9s de la Web podr\u00e1n ser comunicados a nuestras filiales y entidades asociadas para los fines anteriormente descritos. Tambi\u00e9n comunicaremos dichos datos personales a proveedores de servicios que presten servicios en nuestro nombre de conformidad con nuestras instrucciones y con las finalidades detalladas en estas Pol\u00edticas de Privacidad. No autorizamos a dichos proveedores de servicios a revelar o divulgar los datos personales de los usuarios salvo para aquellos usos que sean estrictamente necesarios para la prestaci\u00f3n de los servicios en nuestro nombre, o para dar cumplimiento a obligaciones legales.\u00a0EVOLUTION MODELS comprende la importancia de mantener la confidencialidad de todos los datos que pudieran ser recolectados. En consecuencia, EVOLUTION MODELS se compromete, con el fin de garantizar dicha confidencialidad, a suscribir convenios de confidencialidad con cada una de las partes que lleven a cabo un tratamiento de datos personales. EVOLUTION MODELS y quienes intervengan en cualquier fase del tratamiento de datos personales est\u00e1n obligados al secreto profesional respecto de los mismos. Tal obligaci\u00f3n subsistir\u00e1 aun despu\u00e9s de finalizada su relaci\u00f3n con el titular de la base de datos.<\/div>\n<div>Adem\u00e1s, podremos revelar datos personales de los usuarios (i) si estamos obligados a hacerlo por ley o en el marco de un procedimiento legal, (ii) a las fuerzas y cuerpos de seguridad o a otros funcionarios p\u00fablicos cuando lo soliciten leg\u00edtimamente, (iii) cuando consideremos que dicha revelaci\u00f3n es necesaria o conveniente para evitar da\u00f1os o p\u00e9rdidas econ\u00f3micas, o (iv) en el marco de una investigaci\u00f3n de actividades fraudulentas o ilegales, o que se presuman fraudulentas o ilegales. Asimismo, los titulares de los datos autorizan a EVOLUTION MODELS a transferir datos personales de los usuarios en caso de venta o transmisi\u00f3n de la totalidad o de una parte de nuestra empresa o de nuestros activos (incluyendo los casos de reestructuraci\u00f3n, disoluci\u00f3n o liquidaci\u00f3n).<\/div>\n<div><\/div>\n<p>&nbsp;<\/p>\n<div><strong>4. Los derechos y elecciones del usuario<\/strong><\/div>\n<div>Usted podr\u00e1 revisar, modificar, eliminar y actualizar sus datos personales en el momento que desee, contact\u00e1ndose con nosotros conforme a lo indicado en la secci\u00f3n titulada \u201cInformaci\u00f3n de Contacto\u201d del presente documento.\u00a0Asimismo, y de conformidad con la legislaci\u00f3n vigente, usted podr\u00e1 solicitar el ejercicio de su derecho de acceso, rectificaci\u00f3n o supresi\u00f3n de sus datos. De esta manera, usted tiene la opci\u00f3n de enviar un correo electr\u00f3nico a info@evolutionmodelsagency.com para solicitar que se actualicen sus datos o para solicitar una copia de los datos que hemos recolectado en l\u00ednea.<\/div>\n<div>El derecho de acceso a los datos podr\u00e1 ser ejercido en forma gratuita por el interesado en la medida que la correspondiente informaci\u00f3n sea solicitada en intervalos no inferiores a seis meses, salvo que se acredite un inter\u00e9s leg\u00edtimo al efecto, conforme art\u00edculo 14, inciso 3 de la Ley 25.326.<\/div>\n<div>Si los datos son incorrectos, desea actualizarlos y\/o suprimirlos, nosotros corregiremos, actualizaremos y\/o suprimiremos esa informaci\u00f3n a su requerimiento sin costo alguno, conforme art\u00edculo 16 de la Ley 25.326. Para ello, por favor p\u00f3ngase en contacto con nosotros conforme a lo indicado en la secci\u00f3n titulada \u201cInformaci\u00f3n de Contacto\u201d del presente documento.<\/div>\n<div>La Agencia de Acceso a la Informaci\u00f3n P\u00fablica, \u00d3rgano de Control de la Ley 25.326, tiene la atribuci\u00f3n de atender las denuncias y reclamos que se interpongan con relaci\u00f3n al incumplimiento de las normas sobre protecci\u00f3n de datos personales.<\/div>\n<div>Frente a cualquier solicitud, usted deber\u00e1 suministrar a EVOLUTION MODELS un medio para poder identificarlo y as\u00ed contactarlo de ser necesario. EVOLUTION MODELS responder\u00e1 a las solicitudes apropiadas dentro de los 10 (diez)d\u00edas h\u00e1biles desde la recepci\u00f3n de la solicitud en caso de tratarse de una solicitud de acceso, y en un plazo de 5 (cinco)d\u00edas h\u00e1biles en caso de tratarse de una solicitud de rectificaci\u00f3n, actualizaci\u00f3n o supresi\u00f3n de sus datos.<\/div>\n<div><\/div>\n<p>&nbsp;<\/p>\n<div><strong>5. Transferencia de datos<\/strong><\/div>\n<div>Sus datos personales recabados a trav\u00e9s de la Web pueden ser transferidos para los fines anteriormente descritos a nuestras filiales, entidades asociadas y proveedores de servicios en otros pa\u00edses. Dichos pa\u00edses pueden no tener la misma normativa de protecci\u00f3n de datos que la que existe en Argentina. Cuando transfiramos sus datos personales a otros pa\u00edses, los protegeremos en la forma descrita en este documento y de acuerdo con la Ley de Protecci\u00f3n de Datos Personales.<\/div>\n<div>Para los residentes en Argentina, de conformidad con la legislaci\u00f3n aplicable hemos implementado salvaguardas que garantizan un nivel adecuado de protecci\u00f3n de los datos que se transfieren fuera de sus fronteras. Dichas salvaguardas incluyen las Cl\u00e1usulas Contractuales Modelo de la Agencia de Acceso a la Informaci\u00f3n P\u00fablica o cl\u00e1usulas contractuales conforme lineamientos de aquel organismo de control. As\u00ed, el tratamiento internacional de sus datos personales se realiza en cumplimiento con la Ley 25.326 y su normativa complementaria.<\/div>\n<div><\/div>\n<p>&nbsp;<\/p>\n<div><strong>6. Seguridad de sus datos personales<\/strong><\/div>\n<div>Mantenemos medidas de seguridad administrativas, t\u00e9cnicas y f\u00edsicas estrictamente dise\u00f1adas para proteger los datos personales que el usuario nos proporciona frente a su destrucci\u00f3n, p\u00e9rdida, alteraci\u00f3n, acceso, comunicaci\u00f3n o uso accidental, ilegal o no autorizado.<\/div>\n<div>As\u00ed, para prevenir el acceso no autorizado, mantener la precisi\u00f3n de los datos y asegurar el uso correcto de los datos de car\u00e1cter personal que el usuario nos proporciona, EVOLUTION MODELS ha implementado ciertos medios f\u00edsicos, electr\u00f3nicos, administrativos y procedimientos de seguridad para resguardar y asegurar los datos de car\u00e1cter personal que recopilamos en l\u00ednea. Nosotros resguardamos los datos de car\u00e1cter personal de acuerdo a est\u00e1ndares y procedimientos de seguridad establecidos y continuamente evaluamos nueva tecnolog\u00eda para proteger esa informaci\u00f3n. EVOLUTION MODELS garantiza que los procesos internos propios de las bases de datos cumplen con las obligaciones legales de seguridad y confidencialidad impuestas por la Ley de Protecci\u00f3n de Datos Personales N\u00b0 25.326.<\/div>\n<div>Sin embargo, usted reconoce que los medios t\u00e9cnicos existentes que brindan seguridad no son inexpugnables, y que aun cuando se adopten todos los recaudos razonables de seguridad es posible sufrir manipulaciones, destrucci\u00f3n y\/o p\u00e9rdida de informaci\u00f3n. Finalmente, si usted cree que su interacci\u00f3n con nosotros ya no es segura (por ejemplo, si cree que la seguridad de una cuenta que usted tiene con nosotros se ha puesto en riesgo), notif\u00edquenos inmediatamente del problema usando las v\u00edas de comunicaci\u00f3n de la secci\u00f3n \u201cInformaci\u00f3n de Contacto\u201d.<\/div>\n<p>&nbsp;<\/p>\n<div><\/div>\n<div><strong>7. Enlaces a otros sitios web<\/strong><\/div>\n<div>Nuestra Web puede contener enlaces a otros sitios web para conveniencia e informaci\u00f3n de los usuarios. Esos sitios web pueden estar operados por compa\u00f1\u00edas que no est\u00e9n vinculadas a nosotros. Habitualmente, los sitios web enlazados tienen sus propias pol\u00edticas o avisos de privacidad, los cuales recomendamos que el usuario lea si visitan cualquiera de tales sitios web enlazados. No asumimos ninguna responsabilidad sobre del contenido de los sitios web distintos al nuestro, as\u00ed como tampoco respecto del uso que se lleve a cabo de tales sitios web, ni de las pr\u00e1cticas de privacidad de los mismos.<\/div>\n<div><\/div>\n<p>&nbsp;<\/p>\n<div><strong>8. Actualizaciones de esta pol\u00edtica de privacidad<\/strong><\/div>\n<div>Esta Pol\u00edtica de Privacidad podr\u00e1 ser objeto de actualizaci\u00f3n peri\u00f3dica y sin previo aviso para reflejar los cambios introducidos en nuestras pr\u00e1cticas en materia de datos personales. Cuando se trate de cambios sustanciales, lo notificaremos mediante un aviso visible en nuestra Web, indicando en la parte inferior de la Pol\u00edtica de Privacidad la fecha de su \u00faltima actualizaci\u00f3n. Toda modificaci\u00f3n de esta Pol\u00edtica de Privacidad entrar\u00e1 en vigencia cuando publiquemos la actualizaci\u00f3n de la Pol\u00edtica de Privacidad. Su interacci\u00f3n con nosotros despu\u00e9s de la introducci\u00f3n de estas modificaciones significara que usted acepta dichas modificaciones.<\/div>\n<div><\/div>\n<p>&nbsp;<\/p>\n<div><strong>9. Informaci\u00f3n de contacto<\/strong><\/div>\n<div>Los usuarios pueden ponerse en contacto con nosotros para actualizar sus datos o ejercer los derechos que les corresponden de conformidad con esta Pol\u00edtica de Privacidad enviando un correo electr\u00f3nico a info@evolutionmodelsagency.com<\/div>\n<div><\/div>\n<p>&nbsp;<\/p>\n<div>Esta Pol\u00edtica de Privacidad fue actualizada por \u00faltima vez el 09\/09\/2022<\/div>\n<p>[\/et_pb_text][\/et_pb_column][\/et_pb_row][\/et_pb_section][et_pb_section fb_built=\u00bb1&#8243; admin_label=\u00bbFooter\u00bb _builder_version=\u00bb4.16&#8243; background_color=\u00bb#242018&#8243; custom_padding=\u00bb0px||0px||false|false\u00bb saved_tabs=\u00bball\u00bb locked=\u00bboff\u00bb global_colors_info=\u00bb{}\u00bb theme_builder_area=\u00bbpost_content\u00bb][\/et_pb_section]<\/p>","protected":false},"excerpt":{"rendered":"<p>Pol\u00edticas de privacidad &nbsp; La presente Pol\u00edtica de Privacidad describe los tipos de datos de car\u00e1cter personal que EVOLUTION MODELS, a trav\u00e9s de este sitio web en www.evolutionmodelsagency.com,\u00a0c\u00f3mo usamos los datos de los usuarios, a qui\u00e9n se los comunicamos y los derechos y opciones que ponemos a disposici\u00f3n de los usuarios de nuestra Web en [&hellip;]<\/p>","protected":false},"author":1,"featured_media":0,"parent":0,"menu_order":4,"comment_status":"closed","ping_status":"closed","template":"","meta":{"_seopress_robots_primary_cat":"","_seopress_titles_title":"","_seopress_titles_desc":"","_seopress_robots_index":"","_et_pb_use_builder":"on","_et_pb_old_content":"","_et_gb_content_width":"","footnotes":""},"class_list":["post-2281","page","type-page","status-publish","hentry"],"_links":{"self":[{"href":"https:\/\/evolutionmodelsagency.com\/en\/wp-json\/wp\/v2\/pages\/2281","targetHints":{"allow":["GET"]}}],"collection":[{"href":"https:\/\/evolutionmodelsagency.com\/en\/wp-json\/wp\/v2\/pages"}],"about":[{"href":"https:\/\/evolutionmodelsagency.com\/en\/wp-json\/wp\/v2\/types\/page"}],"author":[{"embeddable":true,"href":"https:\/\/evolutionmodelsagency.com\/en\/wp-json\/wp\/v2\/users\/1"}],"replies":[{"embeddable":true,"href":"https:\/\/evolutionmodelsagency.com\/en\/wp-json\/wp\/v2\/comments?post=2281"}],"version-history":[{"count":8,"href":"https:\/\/evolutionmodelsagency.com\/en\/wp-json\/wp\/v2\/pages\/2281\/revisions"}],"predecessor-version":[{"id":2297,"href":"https:\/\/evolutionmodelsagency.com\/en\/wp-json\/wp\/v2\/pages\/2281\/revisions\/2297"}],"wp:attachment":[{"href":"https:\/\/evolutionmodelsagency.com\/en\/wp-json\/wp\/v2\/media?parent=2281"}],"curies":[{"name":"wp","href":"https:\/\/api.w.org\/{rel}","templated":true}]}}