{"id":2236,"date":"2022-08-30T15:29:26","date_gmt":"2022-08-30T15:29:26","guid":{"rendered":"https:\/\/evolutionmodelsagency.com\/?page_id=2236"},"modified":"2025-02-02T17:26:06","modified_gmt":"2025-02-02T20:26:06","slug":"nosotros","status":"publish","type":"page","link":"https:\/\/evolutionmodelsagency.com\/en\/nosotros\/","title":{"rendered":"Nosotros"},"content":{"rendered":"<p>[et_pb_section fb_built=\u00bb1&#8243; admin_label=\u00bbHeader\u00bb _builder_version=\u00bb4.18.0&#8243; background_enable_color=\u00bboff\u00bb background_enable_video_mp4=\u00bboff\u00bb background_video_width=\u00bb1920px\u00bb background_video_height=\u00bb1500px\u00bb custom_padding=\u00bb||2px||false|false\u00bb locked=\u00bboff\u00bb global_colors_info=\u00bb{}\u00bb][et_pb_row column_structure=\u00bb1_5,3_5,1_5&#8243; _builder_version=\u00bb4.16&#8243; locked=\u00bboff\u00bb global_colors_info=\u00bb{}\u00bb][et_pb_column type=\u00bb1_5&#8243; _builder_version=\u00bb4.16&#8243; global_colors_info=\u00bb{}\u00bb][\/et_pb_column][et_pb_column type=\u00bb3_5&#8243; _builder_version=\u00bb4.16&#8243; global_colors_info=\u00bb{}\u00bb][et_pb_text _builder_version=\u00bb4.18.0&#8243; text_font=\u00bb||||||||\u00bb text_font_size=\u00bb16px\u00bb text_line_height=\u00bb1.6em\u00bb header_font=\u00bbQuestrial|||on|||||\u00bb header_text_align=\u00bbcenter\u00bb header_font_size=\u00bb50px\u00bb header_letter_spacing=\u00bb10px\u00bb header_font_size_tablet=\u00bb80px\u00bb header_font_size_phone=\u00bb47px\u00bb header_font_size_last_edited=\u00bbon|phone\u00bb locked=\u00bboff\u00bb global_colors_info=\u00bb{}\u00bb header_text_color__hover_enabled=\u00bboff|desktop\u00bb]<\/p>\n<h1>sobre evolution<\/h1>\n<p>[\/et_pb_text][et_pb_text _builder_version=\u00bb4.18.0&#8243; text_font=\u00bb||||||||\u00bb text_font_size=\u00bb16px\u00bb text_line_height=\u00bb1.6em\u00bb header_font=\u00bbChonburi||||||||\u00bb header_font_size=\u00bb100px\u00bb header_font_size_tablet=\u00bb80px\u00bb header_font_size_phone=\u00bb60px\u00bb header_font_size_last_edited=\u00bbon|phone\u00bb locked=\u00bboff\u00bb global_colors_info=\u00bb{}\u00bb header_text_color__hover_enabled=\u00bboff|desktop\u00bb]<\/p>\n<p class=\"p1\" style=\"text-align: justify;\">\n<p class=\"p1\" style=\"text-align: justify;\">\n<p class=\"p1\" style=\"text-align: justify;\">Somos una agencia madre especializada en el desarrollo de la carrera profesional de los m\u00e1s variados talentos, ofreci\u00e9ndoles posicionamiento internacional. Para esto, contamos con una amplia red de agencias en todos los continentes.<\/p>\n<p class=\"p1\" style=\"text-align: justify;\">Fundada por una modelo y abogada, la agencia cuenta profesionales del rubro legal y moda que trabajan arduamente para velar por el cuidado de nuestros modelos.<\/p>\n<p class=\"p1\" style=\"text-align: justify;\">Mediante el compromiso y la \u00e9tica profesional, nuestra prioridad es acompa\u00f1ar a cada miembro del staff, respetando sus individualidades y adecu\u00e1ndonos a sus objetivos personales.<\/p>\n<p class=\"p1\" style=\"text-align: justify;\">A su vez, buscamos innovar, al ser de las primeras agencias de la regi\u00f3n en integrar perfiles no convencionales como curvies y silver.<\/p>\n<p class=\"p1\" style=\"text-align: justify;\">Siempre abiertos a conocer nuevas identidades que se alineen con nuestros valores, te invitamos a formar parte de Evolution.<\/p>\n<p class=\"p1\" style=\"text-align: justify;\">\n<p class=\"p1\" style=\"text-align: justify;\">\n<p class=\"p1\" style=\"text-align: justify;\">\n<p class=\"p1\" style=\"text-align: justify;\">\n<p class=\"p1\" style=\"text-align: justify;\">\n<p class=\"p1\" style=\"text-align: justify;\">\n<p class=\"p1\" style=\"text-align: justify;\">\n<p>[\/et_pb_text][\/et_pb_column][et_pb_column type=\u00bb1_5&#8243; _builder_version=\u00bb4.16&#8243; global_colors_info=\u00bb{}\u00bb][\/et_pb_column][\/et_pb_row][\/et_pb_section][et_pb_section fb_built=\u00bb1&#8243; _builder_version=\u00bb4.18.0&#8243; _module_preset=\u00bbdefault\u00bb custom_margin=\u00bb||||false|false\u00bb custom_padding=\u00bb50px|||||\u00bb global_module=\u00bb2212&#8243; saved_tabs=\u00bball\u00bb global_colors_info=\u00bb{}\u00bb][et_pb_row _builder_version=\u00bb4.18.0&#8243; _module_preset=\u00bbdefault\u00bb global_colors_info=\u00bb{}\u00bb][et_pb_column type=\u00bb4_4&#8243; _builder_version=\u00bb4.18.0&#8243; _module_preset=\u00bbdefault\u00bb global_colors_info=\u00bb{}\u00bb][et_pb_divider color=\u00bb#D6D6D6&#8243; _builder_version=\u00bb4.18.0&#8243; _module_preset=\u00bbdefault\u00bb width=\u00bb100%\u00bb module_alignment=\u00bbcenter\u00bb global_colors_info=\u00bb{}\u00bb][\/et_pb_divider][\/et_pb_column][\/et_pb_row][et_pb_row column_structure=\u00bb1_4,1_4,1_4,1_4&#8243; _builder_version=\u00bb4.18.0&#8243; _module_preset=\u00bbdefault\u00bb global_colors_info=\u00bb{}\u00bb][et_pb_column type=\u00bb1_4&#8243; _builder_version=\u00bb4.18.0&#8243; _module_preset=\u00bbdefault\u00bb global_colors_info=\u00bb{}\u00bb][et_pb_image src=\u00bbhttps:\/\/evolutionmodelsagency.com\/wp-content\/uploads\/2022\/09\/Logo-Evolution-original.png\u00bb title_text=\u00bbLogo-Evolution-original\u00bb _builder_version=\u00bb4.18.0&#8243; _module_preset=\u00bbdefault\u00bb transform_scale=\u00bb90%|90%\u00bb global_colors_info=\u00bb{}\u00bb][\/et_pb_image][\/et_pb_column][et_pb_column type=\u00bb1_4&#8243; _builder_version=\u00bb4.18.0&#8243; _module_preset=\u00bbdefault\u00bb global_colors_info=\u00bb{}\u00bb][et_pb_text _builder_version=\u00bb4.18.0&#8243; _module_preset=\u00bbdefault\u00bb global_colors_info=\u00bb{}\u00bb]<\/p>\n<p><span style=\"color: #808080;\"><a href=\"https:\/\/evolutionmodelsagency.com\/en\/politicas-de-privacidad\/\" style=\"color: #808080;\">POL\u00cdTICAS DE PRIVACIDAD<\/a><\/span><\/p>\n<p><span style=\"color: #808080;\"><a href=\"https:\/\/evolutionmodelsagency.com\/en\/politicas-de-cookies\/\" style=\"color: #808080;\">POL\u00cdTICAS DE COOKIES<\/a><\/span><\/p>\n<p><span style=\"color: #808080;\"><a href=\"https:\/\/evolutionmodelsagency.com\/en\/contacto\/\" style=\"color: #808080;\">CONTACT<\/a><\/span><\/p>\n<p>[\/et_pb_text][\/et_pb_column][et_pb_column type=\u00bb1_4&#8243; _builder_version=\u00bb4.18.0&#8243; _module_preset=\u00bbdefault\u00bb global_colors_info=\u00bb{}\u00bb][et_pb_text _builder_version=\u00bb4.18.0&#8243; _module_preset=\u00bbdefault\u00bb global_colors_info=\u00bb{}\u00bb]<\/p>\n<p>SEGUINOS<\/p>\n<p>[\/et_pb_text][et_pb_social_media_follow _builder_version=\u00bb4.18.0&#8243; _module_preset=\u00bbdefault\u00bb custom_margin=\u00bb-24px|||||\u00bb global_colors_info=\u00bb{}\u00bb][et_pb_social_media_follow_network social_network=\u00bbinstagram\u00bb url=\u00bbhttps:\/\/www.instagram.com\/evolution.models\/\u00bb icon_color=\u00bb#FFFFFF\u00bb use_icon_font_size=\u00bbon\u00bb _builder_version=\u00bb4.18.0&#8243; _module_preset=\u00bbdefault\u00bb background_color=\u00bb#D6D6D6&#8243; background_enable_color=\u00bbon\u00bb global_colors_info=\u00bb{}\u00bb follow_button=\u00bboff\u00bb url_new_window=\u00bbon\u00bb]instagram[\/et_pb_social_media_follow_network][\/et_pb_social_media_follow][et_pb_text _builder_version=\u00bb4.18.0&#8243; _module_preset=\u00bbdefault\u00bb custom_margin=\u00bb-31px|||||\u00bb global_colors_info=\u00bb{}\u00bb]<\/p>\n<p>BUENOS AIRES &#8211; ARGENTINA<\/p>\n<p>[\/et_pb_text][\/et_pb_column][et_pb_column type=\u00bb1_4&#8243; _builder_version=\u00bb4.18.0&#8243; _module_preset=\u00bbdefault\u00bb global_colors_info=\u00bb{}\u00bb][\/et_pb_column][\/et_pb_row][\/et_pb_section]<\/p>","protected":false},"excerpt":{"rendered":"<p>sobre evolution Somos una agencia madre especializada en el desarrollo de la carrera profesional de los m\u00e1s variados talentos, ofreci\u00e9ndoles posicionamiento internacional. Para esto, contamos con una amplia red de agencias en todos los continentes. Fundada por una modelo y abogada, la agencia cuenta profesionales del rubro legal y moda que trabajan arduamente para velar [&hellip;]<\/p>","protected":false},"author":1,"featured_media":0,"parent":0,"menu_order":58,"comment_status":"closed","ping_status":"closed","template":"","meta":{"_seopress_robots_primary_cat":"","_seopress_titles_title":"","_seopress_titles_desc":"","_seopress_robots_index":"","_et_pb_use_builder":"on","_et_pb_old_content":"","_et_gb_content_width":"","footnotes":""},"class_list":["post-2236","page","type-page","status-publish","hentry"],"_links":{"self":[{"href":"https:\/\/evolutionmodelsagency.com\/en\/wp-json\/wp\/v2\/pages\/2236","targetHints":{"allow":["GET"]}}],"collection":[{"href":"https:\/\/evolutionmodelsagency.com\/en\/wp-json\/wp\/v2\/pages"}],"about":[{"href":"https:\/\/evolutionmodelsagency.com\/en\/wp-json\/wp\/v2\/types\/page"}],"author":[{"embeddable":true,"href":"https:\/\/evolutionmodelsagency.com\/en\/wp-json\/wp\/v2\/users\/1"}],"replies":[{"embeddable":true,"href":"https:\/\/evolutionmodelsagency.com\/en\/wp-json\/wp\/v2\/comments?post=2236"}],"version-history":[{"count":14,"href":"https:\/\/evolutionmodelsagency.com\/en\/wp-json\/wp\/v2\/pages\/2236\/revisions"}],"predecessor-version":[{"id":6472,"href":"https:\/\/evolutionmodelsagency.com\/en\/wp-json\/wp\/v2\/pages\/2236\/revisions\/6472"}],"wp:attachment":[{"href":"https:\/\/evolutionmodelsagency.com\/en\/wp-json\/wp\/v2\/media?parent=2236"}],"curies":[{"name":"wp","href":"https:\/\/api.w.org\/{rel}","templated":true}]}}