{"id":2203,"date":"2022-08-30T04:02:58","date_gmt":"2022-08-30T04:02:58","guid":{"rendered":"https:\/\/evolutionmodelsagency.com\/?page_id=2203"},"modified":"2022-10-04T01:30:03","modified_gmt":"2022-10-04T01:30:03","slug":"servicios","status":"publish","type":"page","link":"https:\/\/evolutionmodelsagency.com\/en\/servicios\/","title":{"rendered":"Servicios"},"content":{"rendered":"<p>[et_pb_section fb_built=\u00bb1&#8243; admin_label=\u00bbHeader\u00bb _builder_version=\u00bb4.18.0&#8243; background_enable_color=\u00bboff\u00bb background_enable_video_mp4=\u00bboff\u00bb background_video_width=\u00bb1920px\u00bb background_video_height=\u00bb1500px\u00bb custom_padding=\u00bb||||false|false\u00bb locked=\u00bboff\u00bb global_colors_info=\u00bb{}\u00bb][et_pb_row _builder_version=\u00bb4.18.0&#8243; _module_preset=\u00bbdefault\u00bb global_colors_info=\u00bb{}\u00bb][et_pb_column type=\u00bb4_4&#8243; _builder_version=\u00bb4.18.0&#8243; _module_preset=\u00bbdefault\u00bb global_colors_info=\u00bb{}\u00bb][et_pb_text _builder_version=\u00bb4.18.0&#8243; text_font=\u00bb||||||||\u00bb text_font_size=\u00bb16px\u00bb text_line_height=\u00bb1.6em\u00bb header_font=\u00bbQuestrial|||on|||||\u00bb header_font_size=\u00bb50px\u00bb header_letter_spacing=\u00bb10px\u00bb header_font_size_tablet=\u00bb50px\u00bb header_font_size_phone=\u00bb40px\u00bb header_font_size_last_edited=\u00bbon|phone\u00bb locked=\u00bboff\u00bb global_colors_info=\u00bb{}\u00bb header_text_color__hover_enabled=\u00bboff|desktop\u00bb]<\/p>\n<h1 style=\"text-align: center;\">Servicios<\/h1>\n<p>[\/et_pb_text][\/et_pb_column][\/et_pb_row][et_pb_row column_structure=\u00bb1_3,1_3,1_3&#8243; _builder_version=\u00bb4.18.0&#8243; locked=\u00bboff\u00bb global_colors_info=\u00bb{}\u00bb][et_pb_column type=\u00bb1_3&#8243; _builder_version=\u00bb4.16&#8243; global_colors_info=\u00bb{}\u00bb][et_pb_code _builder_version=\u00bb4.18.0&#8243; _module_preset=\u00bbdefault\u00bb global_colors_info=\u00bb{}\u00bb]<video width=\"100%\" playsinline loop muted autoplay><!-- [et_pb_line_break_holder] --><!-- [et_pb_line_break_holder] --><source src=\"https:\/\/evolutionmodelsagency.com\/wp-content\/uploads\/2022\/09\/MANAGEMENT.mp4\"\" type=\"video\/mp4\"><!-- [et_pb_line_break_holder] --><!-- [et_pb_line_break_holder] --><\/video><!-- [et_pb_line_break_holder] -->[\/et_pb_code][et_pb_text _builder_version=\u00bb4.18.0&#8243; text_font=\u00bb||||||||\u00bb text_font_size=\u00bb16px\u00bb text_line_height=\u00bb1.6em\u00bb header_font=\u00bbChonburi||||||||\u00bb header_font_size=\u00bb100px\u00bb hover_enabled=\u00bb0&#8243; header_font_size_tablet=\u00bb80px\u00bb header_font_size_phone=\u00bb60px\u00bb header_font_size_last_edited=\u00bbon|phone\u00bb locked=\u00bboff\u00bb global_colors_info=\u00bb{}\u00bb header_text_color__hover_enabled=\u00bboff|desktop\u00bb sticky_enabled=\u00bb0&#8243;]<\/p>\n<p class=\"p1\" style=\"text-align: center;\"><strong>MANAGEMENT<\/strong><\/p>\n<p class=\"p1\">\u00a0Representaci\u00f3n de modelos y artistas a nivel global.<span class=\"Apple-converted-space\">\u00a0 \u00a0<\/span><\/p>\n<p class=\"p1\">[\/et_pb_text][\/et_pb_column][et_pb_column type=\u00bb1_3&#8243; _builder_version=\u00bb4.16&#8243; global_colors_info=\u00bb{}\u00bb][et_pb_code _builder_version=\u00bb4.18.0&#8243; _module_preset=\u00bbdefault\u00bb global_colors_info=\u00bb{}\u00bb]<video width=\"100%\" playsinline loop muted autoplay><!-- [et_pb_line_break_holder] --><!-- [et_pb_line_break_holder] --><source src=\"https:\/\/evolutionmodelsagency.com\/wp-content\/uploads\/2022\/09\/Asesoria-legal.mp4\" type=\"video\/mp4\"><!-- [et_pb_line_break_holder] --><!-- [et_pb_line_break_holder] --><\/video><!-- [et_pb_line_break_holder] -->[\/et_pb_code][et_pb_text _builder_version=\u00bb4.18.0&#8243; text_font=\u00bb||||||||\u00bb text_font_size=\u00bb16px\u00bb text_line_height=\u00bb1.6em\u00bb header_font=\u00bbChonburi||||||||\u00bb header_font_size=\u00bb100px\u00bb hover_enabled=\u00bb0&#8243; header_font_size_tablet=\u00bb80px\u00bb header_font_size_phone=\u00bb60px\u00bb header_font_size_last_edited=\u00bbon|phone\u00bb locked=\u00bboff\u00bb global_colors_info=\u00bb{}\u00bb header_text_color__hover_enabled=\u00bboff|desktop\u00bb sticky_enabled=\u00bb0&#8243;]<\/p>\n<p class=\"p1\" style=\"text-align: center;\"><strong>ASESOR\u00cdA LEGAL DEL RUBRO MODA<\/strong><\/p>\n<p class=\"p1\">Especializado en el Fashion Law y la propiedad intelectual, nuestro equipo de abogados cuenta con las herramientas necesarias para asesorarle en el \u00e1rea de marcas, derecho a la imagen y confecci\u00f3n de contratos.<span class=\"Apple-converted-space\">\u00a0<\/span><\/p>\n<p class=\"p1\">[\/et_pb_text][\/et_pb_column][et_pb_column type=\u00bb1_3&#8243; _builder_version=\u00bb4.16&#8243; global_colors_info=\u00bb{}\u00bb][et_pb_code _builder_version=\u00bb4.18.0&#8243; _module_preset=\u00bbdefault\u00bb global_colors_info=\u00bb{}\u00bb]<video width=\"100%\" playsinline loop muted autoplay><!-- [et_pb_line_break_holder] --><!-- [et_pb_line_break_holder] --><source src=\"https:\/\/evolutionmodelsagency.com\/wp-content\/uploads\/2022\/09\/Produccion-audiovisual.mp4\" type=\"video\/mp4\"><!-- [et_pb_line_break_holder] --><!-- [et_pb_line_break_holder] --><\/video>[\/et_pb_code][et_pb_text _builder_version=\u00bb4.18.0&#8243; text_font=\u00bb||||||||\u00bb text_font_size=\u00bb16px\u00bb text_line_height=\u00bb1.6em\u00bb header_font=\u00bbChonburi||||||||\u00bb header_font_size=\u00bb100px\u00bb hover_enabled=\u00bb0&#8243; header_font_size_tablet=\u00bb80px\u00bb header_font_size_phone=\u00bb60px\u00bb header_font_size_last_edited=\u00bbon|phone\u00bb locked=\u00bboff\u00bb global_colors_info=\u00bb{}\u00bb header_text_color__hover_enabled=\u00bboff|desktop\u00bb sticky_enabled=\u00bb0&#8243;]<\/p>\n<p class=\"p1\" style=\"text-align: center;\"><strong>PRODUCCI\u00d3N AUDIOVISUAL<\/strong><\/p>\n<p class=\"p1\">Contamos con un grupo de profesionales (fot\u00f3grafos, vide\u00f3grafos, makeup artists, etc.) que puede ayudarle a desarrollar y materializar su campa\u00f1a, aportando la tarea de producci\u00f3n.<\/p>\n<p>[\/et_pb_text][\/et_pb_column][\/et_pb_row][\/et_pb_section][et_pb_section fb_built=\u00bb1&#8243; _builder_version=\u00bb4.18.0&#8243; _module_preset=\u00bbdefault\u00bb custom_margin=\u00bb||||false|false\u00bb custom_padding=\u00bb50px|||||\u00bb global_module=\u00bb2212&#8243; saved_tabs=\u00bball\u00bb global_colors_info=\u00bb{}\u00bb][et_pb_row _builder_version=\u00bb4.18.0&#8243; _module_preset=\u00bbdefault\u00bb global_colors_info=\u00bb{}\u00bb][et_pb_column type=\u00bb4_4&#8243; _builder_version=\u00bb4.18.0&#8243; _module_preset=\u00bbdefault\u00bb global_colors_info=\u00bb{}\u00bb][et_pb_divider color=\u00bb#D6D6D6&#8243; _builder_version=\u00bb4.18.0&#8243; _module_preset=\u00bbdefault\u00bb width=\u00bb100%\u00bb module_alignment=\u00bbcenter\u00bb global_colors_info=\u00bb{}\u00bb][\/et_pb_divider][\/et_pb_column][\/et_pb_row][et_pb_row column_structure=\u00bb1_3,1_3,1_3&#8243; _builder_version=\u00bb4.18.0&#8243; _module_preset=\u00bbdefault\u00bb custom_padding=\u00bb||||false|false\u00bb global_colors_info=\u00bb{}\u00bb][et_pb_column type=\u00bb1_3&#8243; _builder_version=\u00bb4.18.0&#8243; _module_preset=\u00bbdefault\u00bb global_colors_info=\u00bb{}\u00bb][et_pb_image src=\u00bbhttps:\/\/evolutionmodelsagency.com\/wp-content\/uploads\/2022\/09\/Logo-Evolution-original.png\u00bb title_text=\u00bbLogo-Evolution-original\u00bb align_tablet=\u00bb\u00bb align_phone=\u00bb\u00bb align_last_edited=\u00bbon|phone\u00bb _builder_version=\u00bb4.18.0&#8243; _module_preset=\u00bbdefault\u00bb transform_scale=\u00bb85%|85%\u00bb global_colors_info=\u00bb{}\u00bb][\/et_pb_image][\/et_pb_column][et_pb_column type=\u00bb1_3&#8243; _builder_version=\u00bb4.18.0&#8243; _module_preset=\u00bbdefault\u00bb global_colors_info=\u00bb{}\u00bb][et_pb_text _builder_version=\u00bb4.18.0&#8243; header_3_font=\u00bbQuestrial|||on|||||\u00bb header_3_text_color=\u00bb#000000&#8243; header_3_font_size=\u00bb20px\u00bb header_3_line_height=\u00bb1.2em\u00bb custom_margin=\u00bb||0px||false|false\u00bb locked=\u00bboff\u00bb global_colors_info=\u00bb{}\u00bb]<\/p>\n<h3>Informaci\u00f3n<\/h3>\n<p>[\/et_pb_text][et_pb_text ul_type=\u00bbnone\u00bb _builder_version=\u00bb4.18.0&#8243; text_font=\u00bb|600|||||||\u00bb text_font_size=\u00bb12px\u00bb text_line_height=\u00bb1.6em\u00bb link_text_color=\u00bb#666666&#8243; ul_font=\u00bb||on||||||\u00bb locked=\u00bboff\u00bb global_colors_info=\u00bb{}\u00bb link_text_color__hover=\u00bb#242018&#8243; link_text_color__hover_enabled=\u00bbon|hover\u00bb]<\/p>\n<p><a href=\"https:\/\/evolutionmodelsagency.com\/en\/politicas-de-privacidad\/\">Pol\u00edticas de Privacidad<\/a><\/p>\n<p><a href=\"https:\/\/evolutionmodelsagency.com\/en\/politicas-de-cookies\/\">Pol\u00edticas de Cookies<\/a><\/p>\n<p><a href=\"https:\/\/evolutionmodelsagency.com\/en\/contacto\/\">Contacto<\/a><\/p>\n<p>[\/et_pb_text][\/et_pb_column][et_pb_column type=\u00bb1_3&#8243; _builder_version=\u00bb4.18.0&#8243; _module_preset=\u00bbdefault\u00bb global_colors_info=\u00bb{}\u00bb][et_pb_text _builder_version=\u00bb4.18.0&#8243; header_3_font=\u00bbQuestrial|||on|||||\u00bb header_3_text_color=\u00bb#000000&#8243; header_3_font_size=\u00bb20px\u00bb header_3_line_height=\u00bb1.2em\u00bb custom_margin=\u00bb||0px||false|false\u00bb locked=\u00bboff\u00bb global_colors_info=\u00bb{}\u00bb]<\/p>\n<h3>Seguinos<\/h3>\n<p>[\/et_pb_text][et_pb_social_media_follow _builder_version=\u00bb4.18.0&#8243; _module_preset=\u00bbdefault\u00bb background_enable_color=\u00bboff\u00bb global_colors_info=\u00bb{}\u00bb][et_pb_social_media_follow_network social_network=\u00bbinstagram\u00bb url=\u00bbhttps:\/\/www.instagram.com\/evolution.models\/\u00bb _builder_version=\u00bb4.18.0&#8243; _module_preset=\u00bbdefault\u00bb background_color=\u00bb#000000&#8243; background_enable_color=\u00bbon\u00bb global_colors_info=\u00bb{}\u00bb follow_button=\u00bboff\u00bb url_new_window=\u00bbon\u00bb]instagram[\/et_pb_social_media_follow_network][\/et_pb_social_media_follow][et_pb_text ul_type=\u00bbnone\u00bb _builder_version=\u00bb4.18.0&#8243; text_font=\u00bb|600|||||||\u00bb text_font_size=\u00bb12px\u00bb text_line_height=\u00bb1.6em\u00bb link_text_color=\u00bb#666666&#8243; ul_font=\u00bb||on||||||\u00bb locked=\u00bboff\u00bb global_colors_info=\u00bb{}\u00bb link_text_color__hover=\u00bb#242018&#8243; link_text_color__hover_enabled=\u00bbon|hover\u00bb]<\/p>\n<p>Buenos Aires &#8211; Argentina<\/p>\n<p>[\/et_pb_text][\/et_pb_column][\/et_pb_row][\/et_pb_section]<\/p>","protected":false},"excerpt":{"rendered":"<p>Servicios<\/p>","protected":false},"author":1,"featured_media":0,"parent":0,"menu_order":57,"comment_status":"closed","ping_status":"closed","template":"","meta":{"_seopress_robots_primary_cat":"","_seopress_titles_title":"","_seopress_titles_desc":"","_seopress_robots_index":"","_et_pb_use_builder":"on","_et_pb_old_content":"","_et_gb_content_width":"","footnotes":""},"class_list":["post-2203","page","type-page","status-publish","hentry"],"_links":{"self":[{"href":"https:\/\/evolutionmodelsagency.com\/en\/wp-json\/wp\/v2\/pages\/2203","targetHints":{"allow":["GET"]}}],"collection":[{"href":"https:\/\/evolutionmodelsagency.com\/en\/wp-json\/wp\/v2\/pages"}],"about":[{"href":"https:\/\/evolutionmodelsagency.com\/en\/wp-json\/wp\/v2\/types\/page"}],"author":[{"embeddable":true,"href":"https:\/\/evolutionmodelsagency.com\/en\/wp-json\/wp\/v2\/users\/1"}],"replies":[{"embeddable":true,"href":"https:\/\/evolutionmodelsagency.com\/en\/wp-json\/wp\/v2\/comments?post=2203"}],"version-history":[{"count":24,"href":"https:\/\/evolutionmodelsagency.com\/en\/wp-json\/wp\/v2\/pages\/2203\/revisions"}],"predecessor-version":[{"id":3117,"href":"https:\/\/evolutionmodelsagency.com\/en\/wp-json\/wp\/v2\/pages\/2203\/revisions\/3117"}],"wp:attachment":[{"href":"https:\/\/evolutionmodelsagency.com\/en\/wp-json\/wp\/v2\/media?parent=2203"}],"curies":[{"name":"wp","href":"https:\/\/api.w.org\/{rel}","templated":true}]}}